{"id":75825,"date":"2024-10-08T11:51:01","date_gmt":"2024-10-08T08:51:01","guid":{"rendered":"https:\/\/migration.gov.gr\/?page_id=75825"},"modified":"2024-11-27T14:39:26","modified_gmt":"2024-11-27T12:39:26","slug":"privacy-policy","status":"publish","type":"page","link":"https:\/\/migration.gov.gr\/en\/privacy-policy\/","title":{"rendered":"PRIVACY POLICY"},"content":{"rendered":"\t\t<div data-elementor-type=\"wp-page\" data-elementor-id=\"75825\" class=\"elementor elementor-75825\" data-elementor-post-type=\"page\">\n\t\t\t\t\t\t<section class=\"elementor-section elementor-top-section elementor-element elementor-element-b54e346 elementor-section-height-min-height elementor-section-boxed elementor-section-height-default elementor-section-items-middle\" data-id=\"b54e346\" data-element_type=\"section\" data-e-type=\"section\" data-settings=\"{&quot;background_background&quot;:&quot;classic&quot;,&quot;shape_divider_bottom&quot;:&quot;mountains&quot;}\">\n\t\t\t\t\t\t\t<div class=\"elementor-background-overlay\"><\/div>\n\t\t\t\t\t\t<div class=\"elementor-shape elementor-shape-bottom\" aria-hidden=\"true\" data-negative=\"false\">\n\t\t\t<svg xmlns=\"http:\/\/www.w3.org\/2000\/svg\" viewBox=\"0 0 1000 100\" preserveAspectRatio=\"none\">\n\t<path class=\"elementor-shape-fill\" opacity=\"0.33\" d=\"M473,67.3c-203.9,88.3-263.1-34-320.3,0C66,119.1,0,59.7,0,59.7V0h1000v59.7 c0,0-62.1,26.1-94.9,29.3c-32.8,3.3-62.8-12.3-75.8-22.1C806,49.6,745.3,8.7,694.9,4.7S492.4,59,473,67.3z\"\/>\n\t<path class=\"elementor-shape-fill\" opacity=\"0.66\" d=\"M734,67.3c-45.5,0-77.2-23.2-129.1-39.1c-28.6-8.7-150.3-10.1-254,39.1 s-91.7-34.4-149.2,0C115.7,118.3,0,39.8,0,39.8V0h1000v36.5c0,0-28.2-18.5-92.1-18.5C810.2,18.1,775.7,67.3,734,67.3z\"\/>\n\t<path class=\"elementor-shape-fill\" d=\"M766.1,28.9c-200-57.5-266,65.5-395.1,19.5C242,1.8,242,5.4,184.8,20.6C128,35.8,132.3,44.9,89.9,52.5C28.6,63.7,0,0,0,0 h1000c0,0-9.9,40.9-83.6,48.1S829.6,47,766.1,28.9z\"\/>\n<\/svg>\t\t<\/div>\n\t\t\t\t\t<div class=\"elementor-container elementor-column-gap-default\">\n\t\t\t\t\t<div class=\"elementor-column elementor-col-100 elementor-top-column elementor-element elementor-element-55958b0\" data-id=\"55958b0\" data-element_type=\"column\" data-e-type=\"column\">\n\t\t\t<div class=\"elementor-widget-wrap elementor-element-populated\">\n\t\t\t\t\t\t<section class=\"elementor-section elementor-inner-section elementor-element elementor-element-ec5f5e1 elementor-section-boxed elementor-section-height-default elementor-section-height-default\" data-id=\"ec5f5e1\" data-element_type=\"section\" data-e-type=\"section\">\n\t\t\t\t\t\t<div class=\"elementor-container elementor-column-gap-default\">\n\t\t\t\t\t<div class=\"elementor-column elementor-col-100 elementor-inner-column elementor-element elementor-element-f4e6bc9\" data-id=\"f4e6bc9\" data-element_type=\"column\" data-e-type=\"column\">\n\t\t\t<div class=\"elementor-widget-wrap elementor-element-populated\">\n\t\t\t\t\t\t<div class=\"elementor-element elementor-element-d984a58 elementor-widget elementor-widget-heading\" data-id=\"d984a58\" data-element_type=\"widget\" data-e-type=\"widget\" data-widget_type=\"heading.default\">\n\t\t\t\t<div class=\"elementor-widget-container\">\n\t\t\t\t\t<h2 class=\"elementor-heading-title elementor-size-default\">\u03a0\u039f\u039b\u0399\u03a4\u0399\u039a\u0397 \u03a0\u03a1\u039f\u03a3\u03a4\u0391\u03a3\u0399\u0391\u03a3\n\u0394\u0395\u0394\u039f\u039c\u0395\u039d\u03a9\u039d \u03a0\u03a1\u039f\u03a3\u03a9\u03a0\u0399\u039a\u039f\u03a5 \u03a7\u0391\u03a1\u0391\u039a\u03a4\u0397\u03a1\u0391<\/h2>\t\t\t\t<\/div>\n\t\t\t\t<\/div>\n\t\t\t\t\t<\/div>\n\t\t<\/div>\n\t\t\t\t\t<\/div>\n\t\t<\/section>\n\t\t\t\t\t<\/div>\n\t\t<\/div>\n\t\t\t\t\t<\/div>\n\t\t<\/section>\n\t\t<div class=\"elementor-element elementor-element-bf220c3 e-flex e-con-boxed e-con e-parent\" data-id=\"bf220c3\" data-element_type=\"container\" data-e-type=\"container\">\n\t\t\t\t\t<div class=\"e-con-inner\">\n\t\t<div class=\"elementor-element elementor-element-d5fc846 e-con-full e-flex e-con e-child\" data-id=\"d5fc846\" data-element_type=\"container\" data-e-type=\"container\">\n\t\t<div class=\"elementor-element elementor-element-4b50045 e-con-full e-flex e-con e-child\" data-id=\"4b50045\" data-element_type=\"container\" data-e-type=\"container\">\n\t\t\t\t<div class=\"elementor-element elementor-element-60cdc00 elementor-widget elementor-widget-eael-adv-accordion\" data-id=\"60cdc00\" data-element_type=\"widget\" data-e-type=\"widget\" data-widget_type=\"eael-adv-accordion.default\">\n\t\t\t\t<div class=\"elementor-widget-container\">\n\t\t\t\t\t            <div class=\"eael-adv-accordion\" id=\"eael-adv-accordion-60cdc00\" data-scroll-on-click=\"no\" data-scroll-speed=\"300\" data-accordion-id=\"60cdc00\" data-accordion-type=\"toggle\" data-toogle-speed=\"300\">\n            <div class=\"eael-accordion-list\">\n\t\t\t\t\t<div id=\"-dpo\" class=\"elementor-tab-title eael-accordion-header active-default\" tabindex=\"0\" data-tab=\"1\" aria-controls=\"elementor-tab-content-1011\"><span class=\"eael-advanced-accordion-icon-closed\"><\/span><span class=\"eael-advanced-accordion-icon-opened\"><i aria-hidden=\"true\" class=\"fa-accordion-icon fas fa-minus\"><\/i><\/span><span class=\"eael-accordion-tab-title\">\u03a5\u03c0\u03b5\u03cd\u03b8\u03c5\u03bd\u03bf\u03c2 \u03a0\u03c1\u03bf\u03c3\u03c4\u03b1\u03c3\u03af\u03b1\u03c2 \u03a0\u03c1\u03bf\u03c3\u03c9\u03c0\u03b9\u03ba\u03ce\u03bd \u0394\u03b5\u03b4\u03bf\u03bc\u03ad\u03bd\u03c9\u03bd (DPO)<\/span><i aria-hidden=\"true\" class=\"fa-toggle fas fa-angle-right\"><\/i><\/div><div id=\"elementor-tab-content-1011\" class=\"eael-accordion-content clearfix active-default\" data-tab=\"1\" aria-labelledby=\"-dpo\"><p><span style=\"text-decoration: underline\"><strong>\u0395\u03c0\u03b9\u03ba\u03bf\u03b9\u03bd\u03c9\u03bd\u03af\u03b1<\/strong><\/span><\/p><p><strong>Email<\/strong>: <a href=\"mailto:dpo@migration.gov.gr\">dpo@migration.gov.gr<\/a><\/p><\/div>\n\t\t\t\t\t<\/div><\/div>\t\t\t\t<\/div>\n\t\t\t\t<\/div>\n\t\t\t\t<div class=\"elementor-element elementor-element-5b0ba68 elementor-align-justify elementor-widget elementor-widget-button\" data-id=\"5b0ba68\" data-element_type=\"widget\" data-e-type=\"widget\" data-widget_type=\"button.default\">\n\t\t\t\t<div class=\"elementor-widget-container\">\n\t\t\t\t\t\t\t\t\t<div class=\"elementor-button-wrapper\">\n\t\t\t\t\t<a class=\"elementor-button elementor-button-link elementor-size-sm\" href=\"https:\/\/migration.gov.gr\/wp-content\/uploads\/2024\/09\/\u03a0\u039f\u039b\u0399\u03a4\u0399\u039a\u0397-\u0391\u03a0\u039f\u03a1\u03a1\u0397\u03a4\u039f\u03a5_\u0392\u0399\u039f\u039c\u0395\u03a4\u03a1\u0399\u039a\u0391-\u0394\u0395\u0394\u039f\u039c\u0395\u039d\u0391_\u0399\u03c3\u03c4\u03bf\u03c3\u03b5\u03bb\u03af\u03b4\u03b1_EN.pdf\" target=\"_blank\">\n\t\t\t\t\t\t<span class=\"elementor-button-content-wrapper\">\n\t\t\t\t\t\t\t\t\t<span class=\"elementor-button-text\">Privacy Policy for the Processing of Biometric Data <\/span>\n\t\t\t\t\t<\/span>\n\t\t\t\t\t<\/a>\n\t\t\t\t<\/div>\n\t\t\t\t\t\t\t\t<\/div>\n\t\t\t\t<\/div>\n\t\t\t\t<div class=\"elementor-element elementor-element-57e45a7 elementor-align-justify elementor-widget elementor-widget-button\" data-id=\"57e45a7\" data-element_type=\"widget\" data-e-type=\"widget\" data-widget_type=\"button.default\">\n\t\t\t\t<div class=\"elementor-widget-container\">\n\t\t\t\t\t<style>.elementor-element-57e45a7{display:none !important}<\/style>\t\t\t\t<\/div>\n\t\t\t\t<\/div>\n\t\t\t\t<div class=\"elementor-element elementor-element-0a1c2a0 elementor-align-justify elementor-widget elementor-widget-button\" data-id=\"0a1c2a0\" data-element_type=\"widget\" data-e-type=\"widget\" data-widget_type=\"button.default\">\n\t\t\t\t<div class=\"elementor-widget-container\">\n\t\t\t\t\t<style>.elementor-element-0a1c2a0{display:none !important}<\/style>\t\t\t\t<\/div>\n\t\t\t\t<\/div>\n\t\t\t\t<div class=\"elementor-element elementor-element-b38a05c elementor-align-justify elementor-widget elementor-widget-button\" data-id=\"b38a05c\" data-element_type=\"widget\" data-e-type=\"widget\" data-widget_type=\"button.default\">\n\t\t\t\t<div class=\"elementor-widget-container\">\n\t\t\t\t\t\t\t\t\t<div class=\"elementor-button-wrapper\">\n\t\t\t\t\t<a class=\"elementor-button elementor-button-link elementor-size-sm\" href=\"https:\/\/migration.gov.gr\/wp-content\/uploads\/2024\/09\/\u03a0\u039f\u039b\u0399\u03a4\u0399\u039a\u0397-\u0391\u03a0\u039f\u03a1\u03a1\u0397\u03a4\u039f\u03a5_CCTV_\u0399\u03c3\u03c4\u03bf\u03c3\u03b5\u03bb\u03af\u03b4\u03b1_EN.pdf\" target=\"_blank\">\n\t\t\t\t\t\t<span class=\"elementor-button-content-wrapper\">\n\t\t\t\t\t\t\t\t\t<span class=\"elementor-button-text\">Centaur Privacy Policy \u2013 Video Surveillance &amp; Security Camera System in the \u039cMA's Accommodation Facilities<\/span>\n\t\t\t\t\t<\/span>\n\t\t\t\t\t<\/a>\n\t\t\t\t<\/div>\n\t\t\t\t\t\t\t\t<\/div>\n\t\t\t\t<\/div>\n\t\t\t\t<div class=\"elementor-element elementor-element-3a9d090 elementor-align-justify elementor-widget elementor-widget-button\" data-id=\"3a9d090\" data-element_type=\"widget\" data-e-type=\"widget\" data-widget_type=\"button.default\">\n\t\t\t\t<div class=\"elementor-widget-container\">\n\t\t\t\t\t<style>.elementor-element-3a9d090{display:none !important}<\/style>\t\t\t\t<\/div>\n\t\t\t\t<\/div>\n\t\t\t\t<div class=\"elementor-element elementor-element-0c48230 elementor-align-justify elementor-widget elementor-widget-button\" data-id=\"0c48230\" data-element_type=\"widget\" data-e-type=\"widget\" data-widget_type=\"button.default\">\n\t\t\t\t<div class=\"elementor-widget-container\">\n\t\t\t\t\t\t\t\t\t<div class=\"elementor-button-wrapper\">\n\t\t\t\t\t<a class=\"elementor-button elementor-button-link elementor-size-sm\" href=\"https:\/\/migration.gov.gr\/wp-content\/uploads\/2024\/06\/ENG-PRIVACY-NOTICE_CCTV-1.pdf\" target=\"_blank\">\n\t\t\t\t\t\t<span class=\"elementor-button-content-wrapper\">\n\t\t\t\t\t\t\t\t\t<span class=\"elementor-button-text\">PRIVACY NOTICE For the processing of Personal Data by means of Video Surveillance System [CCTV]<\/span>\n\t\t\t\t\t<\/span>\n\t\t\t\t\t<\/a>\n\t\t\t\t<\/div>\n\t\t\t\t\t\t\t\t<\/div>\n\t\t\t\t<\/div>\n\t\t\t\t<div class=\"elementor-element elementor-element-a27c3d2 elementor-align-justify elementor-widget elementor-widget-button\" data-id=\"a27c3d2\" data-element_type=\"widget\" data-e-type=\"widget\" data-widget_type=\"button.default\">\n\t\t\t\t<div class=\"elementor-widget-container\">\n\t\t\t\t\t<style>.elementor-element-a27c3d2{display:none !important}<\/style>\t\t\t\t<\/div>\n\t\t\t\t<\/div>\n\t\t\t\t<div class=\"elementor-element elementor-element-5e93ade elementor-align-justify elementor-widget elementor-widget-button\" data-id=\"5e93ade\" data-element_type=\"widget\" data-e-type=\"widget\" data-widget_type=\"button.default\">\n\t\t\t\t<div class=\"elementor-widget-container\">\n\t\t\t\t\t\t\t\t\t<div class=\"elementor-button-wrapper\">\n\t\t\t\t\t<a class=\"elementor-button elementor-button-link elementor-size-sm\" href=\"https:\/\/migration.gov.gr\/wp-content\/uploads\/2024\/11\/FRIA_Intergrated_Centaur_Hyperion_Systems_2024-updated.pdf\" target=\"_blank\">\n\t\t\t\t\t\t<span class=\"elementor-button-content-wrapper\">\n\t\t\t\t\t\t\t\t\t<span class=\"elementor-button-text\">CENTAUR &amp; HYPERION SYSTEMS IN THE RECEPTION AND IDENTIFICATION CENTRES FUNDAMENTAL RIGHTS IMPACT ASSESSMENT (FRIA)<\/span>\n\t\t\t\t\t<\/span>\n\t\t\t\t\t<\/a>\n\t\t\t\t<\/div>\n\t\t\t\t\t\t\t\t<\/div>\n\t\t\t\t<\/div>\n\t\t\t\t<\/div>\n\t\t<div class=\"elementor-element elementor-element-e7d7413 e-con-full e-flex e-con e-child\" data-id=\"e7d7413\" data-element_type=\"container\" data-e-type=\"container\">\n\t\t\t\t<div class=\"elementor-element elementor-element-abfd7da elementor-widget elementor-widget-heading\" data-id=\"abfd7da\" data-element_type=\"widget\" data-e-type=\"widget\" data-widget_type=\"heading.default\">\n\t\t\t\t<div class=\"elementor-widget-container\">\n\t\t\t\t\t<h6 class=\"elementor-heading-title elementor-size-default\">\u0393\u03b1\u03bb\u03bb\u03b9\u03ba\u03ae \u03ad\u03ba\u03b4\u03bf\u03c3\u03b7<\/h6>\t\t\t\t<\/div>\n\t\t\t\t<\/div>\n\t\t\t\t<div class=\"elementor-element elementor-element-00908e6 elementor-align-justify elementor-widget elementor-widget-button\" data-id=\"00908e6\" data-element_type=\"widget\" data-e-type=\"widget\" data-widget_type=\"button.default\">\n\t\t\t\t<div class=\"elementor-widget-container\">\n\t\t\t\t\t\t\t\t\t<div class=\"elementor-button-wrapper\">\n\t\t\t\t\t<a class=\"elementor-button elementor-button-link elementor-size-sm\" href=\"https:\/\/migration.gov.gr\/wp-content\/uploads\/2024\/09\/\u03a5\u039c\u0391_\u03a0\u03bf\u03bb\u03b9\u03c4\u03b9\u03ba\u03ae-\u03a0\u03c1\u03bf\u03c3\u03c4\u03b1\u03c3\u03af\u03b1\u03c2-\u0394\u03b5\u03b4\u03bf\u03bc\u03ad\u03bd\u03c9\u03bd-\u03a0\u03c1\u03bf\u03c3\u03c9\u03c0\u03b9\u03ba\u03bf\u03cd-\u03a7\u03b1\u03c1\u03b1\u03ba\u03c4\u03ae\u03c1\u03b1_final_web-FR-FINAL.pdf\" target=\"_blank\">\n\t\t\t\t\t\t<span class=\"elementor-button-content-wrapper\">\n\t\t\t\t\t\t\t\t\t<span class=\"elementor-button-text\">POLITIQUE DE PROTECTION DES DONN\u00c9ES PERSONNELLES<\/span>\n\t\t\t\t\t<\/span>\n\t\t\t\t\t<\/a>\n\t\t\t\t<\/div>\n\t\t\t\t\t\t\t\t<\/div>\n\t\t\t\t<\/div>\n\t\t\t\t<div class=\"elementor-element elementor-element-df5f80e elementor-align-justify elementor-widget elementor-widget-button\" data-id=\"df5f80e\" data-element_type=\"widget\" data-e-type=\"widget\" data-widget_type=\"button.default\">\n\t\t\t\t<div class=\"elementor-widget-container\">\n\t\t\t\t\t\t\t\t\t<div class=\"elementor-button-wrapper\">\n\t\t\t\t\t<a class=\"elementor-button elementor-button-link elementor-size-sm\" href=\"https:\/\/migration.gov.gr\/wp-content\/uploads\/2024\/09\/\u03a0\u039f\u039b\u0399\u03a4\u0399\u039a\u0397-\u0391\u03a0\u039f\u03a1\u03a1\u0397\u03a4\u039f\u03a5_\u0392\u0399\u039f\u039c\u0395\u03a4\u03a1\u0399\u039a\u0391-\u0394\u0395\u0394\u039f\u039c\u0395\u039d\u0391_\u0399\u03c3\u03c4\u03bf\u03c3\u03b5\u03bb\u03af\u03b4\u03b1-FR-FINAL.pdf\" target=\"_blank\">\n\t\t\t\t\t\t<span class=\"elementor-button-content-wrapper\">\n\t\t\t\t\t\t\t\t\t<span class=\"elementor-button-text\">Politique de confidentialit\u00e9 pour le traitement des donn\u00e9es biom\u00e9triques<\/span>\n\t\t\t\t\t<\/span>\n\t\t\t\t\t<\/a>\n\t\t\t\t<\/div>\n\t\t\t\t\t\t\t\t<\/div>\n\t\t\t\t<\/div>\n\t\t\t\t<div class=\"elementor-element elementor-element-bea296c elementor-align-justify elementor-widget elementor-widget-button\" data-id=\"bea296c\" data-element_type=\"widget\" data-e-type=\"widget\" data-widget_type=\"button.default\">\n\t\t\t\t<div class=\"elementor-widget-container\">\n\t\t\t\t\t\t\t\t\t<div class=\"elementor-button-wrapper\">\n\t\t\t\t\t<a class=\"elementor-button elementor-button-link elementor-size-sm\" href=\"https:\/\/migration.gov.gr\/wp-content\/uploads\/2024\/09\/%CE%A0%CE%9F%CE%9B%CE%99%CE%A4%CE%99%CE%9A%CE%97-%CE%91%CE%A0%CE%9F%CE%A1%CE%A1%CE%97%CE%A4%CE%9F%CE%A5_CCTV_%CE%99%CF%83%CF%84%CE%BF%CF%83%CE%B5%CE%BB%CE%AF%CE%B4%CE%B1-FR-FINAL.pdf\" target=\"_blank\">\n\t\t\t\t\t\t<span class=\"elementor-button-content-wrapper\">\n\t\t\t\t\t\t\t\t\t<span class=\"elementor-button-text\">Politique de Confidentialit\u00e9 de Centaurus \u2013 Syst\u00e8me de Vid\u00e9osurveillance et Cam\u00e9ras de S\u00e9curit\u00e9 dans les Installations d'H\u00e9bergement du MMA<\/span>\n\t\t\t\t\t<\/span>\n\t\t\t\t\t<\/a>\n\t\t\t\t<\/div>\n\t\t\t\t\t\t\t\t<\/div>\n\t\t\t\t<\/div>\n\t\t\t\t<div class=\"elementor-element elementor-element-801d9bc elementor-align-justify elementor-widget elementor-widget-button\" data-id=\"801d9bc\" data-element_type=\"widget\" data-e-type=\"widget\" data-widget_type=\"button.default\">\n\t\t\t\t<div class=\"elementor-widget-container\">\n\t\t\t\t\t\t\t\t\t<div class=\"elementor-button-wrapper\">\n\t\t\t\t\t<a class=\"elementor-button elementor-button-link elementor-size-sm\" href=\"https:\/\/migration.gov.gr\/wp-content\/uploads\/2024\/06\/FR-PRIVACY-NOTICE_CCTV-1.pdf\" target=\"_blank\">\n\t\t\t\t\t\t<span class=\"elementor-button-content-wrapper\">\n\t\t\t\t\t\t\t\t\t<span class=\"elementor-button-text\">AVIS DE CONFIDENTIALIT\u00c9 Pour le traitement des donn\u00e9es personnelles au moyen d\u2019un syst\u00e8me de vid\u00e9osurveillance [CCTV]<\/span>\n\t\t\t\t\t<\/span>\n\t\t\t\t\t<\/a>\n\t\t\t\t<\/div>\n\t\t\t\t\t\t\t\t<\/div>\n\t\t\t\t<\/div>\n\t\t\t\t<\/div>\n\t\t\t\t<\/div>\n\t\t<div class=\"elementor-element elementor-element-f3f3200 e-con-full e-flex e-con e-child\" data-id=\"f3f3200\" data-element_type=\"container\" data-e-type=\"container\">\n\t\t\t\t<div class=\"elementor-element elementor-element-822ea90 elementor-widget elementor-widget-embedpress_pdf\" data-id=\"822ea90\" data-element_type=\"widget\" data-e-type=\"widget\" data-widget_type=\"embedpress_pdf.default\">\n\t\t\t\t<div class=\"elementor-widget-container\">\n\t\t\t\t\t<style>.elementor-element-822ea90{display:none !important}<\/style>\t\t\t\t<\/div>\n\t\t\t\t<\/div>\n\t\t\t\t<div class=\"elementor-element elementor-element-455e6e8 elementor-widget elementor-widget-embedpress_pdf\" data-id=\"455e6e8\" data-element_type=\"widget\" data-e-type=\"widget\" data-widget_type=\"embedpress_pdf.default\">\n\t\t\t\t<div class=\"elementor-widget-container\">\n\t\t\t\t\t    <div class=\"embedpress-document-embed ep-doc-261e193c2cf010379618bc7d685a4067 ose-document emebedpress-unit-percent \" data-thememode=\"default\" data-customcolor=\"\" data-toolbar=\"yes\" data-toolbar-position=\"top\" data-open=\"no\" data-presentation-mode=\"yes\" data-download=\"yes\" data-copy=\"yes\" data-add-image=\"yes\" data-rotate=\"yes\" data-details=\"yes\" data-id=\"embedpress-pdf-455e6e8\" data-selection-tool=\"0\" data-scrolling=\"0\" data-spreads=\"-1\" style=\" max-width:100%; display: inline-block\">\n\n        \n                <div >\n\n                    <div id=\"ep-elementor-content-455e6e8\" class=\"ep-elementor-content   ep-percentage-width   ep-content-protection-disabled\">\n                        <div id=\"455e6e8\" class=\"ep-embed-content-wraper\">\n                            <div><iframe title=\"\u03a5\u039c\u0391_\u03a0\u03bf\u03bb\u03b9\u03c4\u03b9\u03ba\u03ae \u03a0\u03c1\u03bf\u03c3\u03c4\u03b1\u03c3\u03af\u03b1\u03c2 \u0394\u03b5\u03b4\u03bf\u03bc\u03ad\u03bd\u03c9\u03bd \u03a0\u03c1\u03bf\u03c3\u03c9\u03c0\u03b9\u03ba\u03bf\u03cd \u03a7\u03b1\u03c1\u03b1\u03ba\u03c4\u03ae\u03c1\u03b1_final_web_EN\" class=\"embedpress-embed-document-pdf embedpress-pdf-455e6e8\" style=\"width: 600%!important;height: 1000px;; max-width:100%; display: inline-block\" src=\"https:\/\/migration.gov.gr\/wp-admin\/admin-ajax.php?action=get_viewer&#038;file=https%3A%2F%2Fmigration.gov.gr%2Fwp-content%2Fuploads%2F2024%2F09%2F%CE%A5%CE%9C%CE%91_%CE%A0%CE%BF%CE%BB%CE%B9%CF%84%CE%B9%CE%BA%CE%AE-%CE%A0%CF%81%CE%BF%CF%83%CF%84%CE%B1%CF%83%CE%AF%CE%B1%CF%82-%CE%94%CE%B5%CE%B4%CE%BF%CE%BC%CE%AD%CE%BD%CF%89%CE%BD-%CE%A0%CF%81%CE%BF%CF%83%CF%89%CF%80%CE%B9%CE%BA%CE%BF%CF%8D-%CE%A7%CE%B1%CF%81%CE%B1%CE%BA%CF%84%CE%AE%CF%81%CE%B1_final_web_EN.pdf&#038;scrolling=0&#038;selection_tool=0&#038;spreads=-1#key=dGhlbWVNb2RlPWRlZmF1bHQmdG9vbGJhcj10cnVlJnBvc2l0aW9uPXRvcCZwcmVzZW50YXRpb249dHJ1ZSZsYXp5TG9hZD1mYWxzZSZkb3dubG9hZD10cnVlJmNvcHlfdGV4dD10cnVlJmFkZF90ZXh0PXRydWUmZHJhdz10cnVlJmFkZF9pbWFnZT10cnVlJnBkZl9yb3RhdGlvbj10cnVlJnBkZl9kZXRhaWxzPXRydWUmem9vbV9pbj10cnVlJnpvb21fb3V0PXRydWUmZml0X3ZpZXc9dHJ1ZSZib29rbWFyaz10cnVlJnNvdW5kPXRydWUmZmxpcGJvb2tfdG9vbGJhcl9wb3NpdGlvbj1ib3R0b20mc2VsZWN0aW9uX3Rvb2w9MCZzY3JvbGxpbmc9MCZzcHJlYWRzPS0xJmlzX3Byb19hY3RpdmU9MCZwYWdlTnVtYmVyPTEmd2F0ZXJtYXJrX3RleHQ9JndhdGVybWFya19mb250X3NpemU9NDgmd2F0ZXJtYXJrX2NvbG9yPSUyMzAwMDAwMCZ3YXRlcm1hcmtfb3BhY2l0eT0xNSZ3YXRlcm1hcmtfc3R5bGU9Y2VudGVy&#038;zoom=auto\" class=\"embedpress-embed-document-pdf embedpress-pdf-455e6e8\" data-emid=\"embedpress-pdf-455e6e8\" data-embed-type=\"PDF\" frameborder=\"0\"><\/iframe><p class=\"embedpress-el-powered\">Powered By EmbedPress<\/p><\/div>                        <\/div>\n\n                    <\/div>\n\n\n                   \n                <\/div>\n            \n    <\/div>\n\n\t\t\t\t<\/div>\n\t\t\t\t<\/div>\n\t\t\t\t<\/div>\n\t\t\t\t\t<\/div>\n\t\t\t\t<\/div>\n\t\t<div class=\"elementor-element elementor-element-13d5c37 e-flex e-con-boxed e-con e-parent\" data-id=\"13d5c37\" data-element_type=\"container\" data-e-type=\"container\">\n\t\t\t\t\t<div class=\"e-con-inner\">\n\t\t\t\t\t<\/div>\n\t\t\t\t<\/div>\n\t\t\t\t<\/div>\n\t\t","protected":false},"excerpt":{"rendered":"<p>\u03a0\u039f\u039b\u0399\u03a4\u0399\u039a\u0397 \u03a0\u03a1\u039f\u03a3\u03a4\u0391\u03a3\u0399\u0391\u03a3 \u0394\u0395\u0394\u039f\u039c\u0395\u039d\u03a9\u039d \u03a0\u03a1\u039f\u03a3\u03a9\u03a0\u0399\u039a\u039f\u03a5 \u03a7\u0391\u03a1\u0391\u039a\u03a4\u0397\u03a1\u0391 \u03a5\u03c0\u03b5\u03cd\u03b8\u03c5\u03bd\u03bf\u03c2 \u03a0\u03c1\u03bf\u03c3\u03c4\u03b1\u03c3\u03af\u03b1\u03c2 \u03a0\u03c1\u03bf\u03c3\u03c9\u03c0\u03b9\u03ba\u03ce\u03bd \u0394\u03b5\u03b4\u03bf\u03bc\u03ad\u03bd\u03c9\u03bd (DPO) \u0395\u03c0\u03b9\u03ba\u03bf\u03b9\u03bd\u03c9\u03bd\u03af\u03b1 Email: dpo@migration.gov.gr \u03a0\u03bf\u03bb\u03b9\u03c4\u03b9\u03ba\u03ae \u0391\u03c0\u03bf\u03c1\u03c1\u03ae\u03c4\u03bf\u03c5 \u03b3\u03b9\u03b1 \u03c4\u03b7\u03bd \u0395\u03c0\u03b5\u03be\u03b5\u03c1\u03b3\u03b1\u03c3\u03af\u03b1 \u0392\u03b9\u03bf\u03bc\u03b5\u03c4\u03c1\u03b9\u03ba\u03ce\u03bd \u0394\u03b5\u03b4\u03bf\u03bc\u03ad\u03bd\u03c9\u03bd \u03a0\u03bf\u03bb\u03b9\u03c4\u03b9\u03ba\u03ae \u0391\u03c0\u03bf\u03c1\u03c1\u03ae\u03c4\u03bf\u03c5 \u03c4\u03bf\u03c5 \u039a\u03ad\u03bd\u03c4\u03b1\u03c5\u03c1\u03bf\u03c2 \u2013 \u03a3\u03c5\u03c3\u03c4\u03ae\u03bc\u03b1\u03c4\u03bf\u03c2 \u0392\u03b9\u03bd\u03c4\u03b5\u03bf\u03b5\u03c0\u03b9\u03c4\u03ae\u03c1\u03b7\u03c3\u03b7\u03c2 &#038; \u039a\u03b1\u03bc\u03b5\u03c1\u03ce\u03bd \u0391\u03c3\u03c6\u03b1\u03bb\u03b5\u03af\u03b1\u03c2 \u03c3\u03c4\u03b9\u03c2 \u0394\u03bf\u03bc\u03ad\u03c2 \u03a6\u03b9\u03bb\u03bf\u03be\u03b5\u03bd\u03af\u03b1\u03c2 \u03c4\u03bf\u03c5 \u03a5\u039c\u0391 \u0395\u0399\u0394\u039f\u03a0\u039f\u0399\u0397\u03a3\u0397 \u0399\u0394\u0399\u03a9\u03a4\u0399\u039a\u039f\u03a4\u0397\u03a4\u0391\u03a3 \u0393\u03b9\u03b1 \u03c4\u03b7\u03bd \u03b5\u03c0\u03b5\u03be\u03b5\u03c1\u03b3\u03b1\u03c3\u03af\u03b1 \u0394\u03b5\u03b4\u03bf\u03bc\u03ad\u03bd\u03c9\u03bd \u03a0\u03c1\u03bf\u03c3\u03c9\u03c0\u03b9\u03ba\u03bf\u03cd \u03a7\u03b1\u03c1\u03b1\u03ba\u03c4\u03ae\u03c1\u03b1 \u03bc\u03ad\u03c3\u03c9 \u03a3\u03c5\u03c3\u03c4\u03ae\u03bc\u03b1\u03c4\u03bf\u03c2 \u0392\u03b9\u03bd\u03c4\u03b5\u03bf\u03b5\u03c0\u03b9\u03c4\u03ae\u03c1\u03b7\u03c3\u03b7\u03c2 [CCTV] \u03a3\u03a5\u03a3\u03a4\u0397\u039c\u0391 \u0392\u0399\u039d\u03a4\u0395\u039f\u0395\u03a0\u0399\u03a4\u0397\u03a1\u0397\u03a3\u0397\u03a3 &#038; \u039a\u0391\u039c\u0395\u03a1\u03a9\u039d \u0391\u03a3\u03a6\u0391\u039b\u0395\u0399\u0391\u03a3 \u03a3\u03a4\u0399\u03a3 \u0394\u039f\u039c\u0395\u03a3 \u03a6\u0399\u039b\u039f\u039e\u0395\u039d\u0399\u0391\u03a3 [&hellip;]<\/p>\n","protected":false},"author":24,"featured_media":0,"parent":0,"menu_order":0,"comment_status":"closed","ping_status":"closed","template":"elementor_header_footer","meta":{"_monsterinsights_skip_tracking":false,"_monsterinsights_sitenote_active":false,"_monsterinsights_sitenote_note":"","_monsterinsights_sitenote_category":0,"site-sidebar-layout":"default","site-content-layout":"","ast-site-content-layout":"default","site-content-style":"default","site-sidebar-style":"default","ast-global-header-display":"","ast-banner-title-visibility":"","ast-main-header-display":"","ast-hfb-above-header-display":"","ast-hfb-below-header-display":"","ast-hfb-mobile-header-display":"","site-post-title":"","ast-breadcrumbs-content":"","ast-featured-img":"","footer-sml-layout":"","ast-disable-related-posts":"","theme-transparent-header-meta":"","adv-header-id-meta":"","stick-header-meta":"","header-above-stick-meta":"","header-main-stick-meta":"","header-below-stick-meta":"","astra-migrate-meta-layouts":"set","ast-page-background-enabled":"default","ast-page-background-meta":{"desktop":{"background-color":"","background-image":"","background-repeat":"repeat","background-position":"center center","background-size":"auto","background-attachment":"scroll","background-type":"","background-media":"","overlay-type":"","overlay-color":"","overlay-opacity":"","overlay-gradient":""},"tablet":{"background-color":"","background-image":"","background-repeat":"repeat","background-position":"center center","background-size":"auto","background-attachment":"scroll","background-type":"","background-media":"","overlay-type":"","overlay-color":"","overlay-opacity":"","overlay-gradient":""},"mobile":{"background-color":"","background-image":"","background-repeat":"repeat","background-position":"center center","background-size":"auto","background-attachment":"scroll","background-type":"","background-media":"","overlay-type":"","overlay-color":"","overlay-opacity":"","overlay-gradient":""}},"ast-content-background-meta":{"desktop":{"background-color":"var(--ast-global-color-5)","background-image":"","background-repeat":"repeat","background-position":"center center","background-size":"auto","background-attachment":"scroll","background-type":"","background-media":"","overlay-type":"","overlay-color":"","overlay-opacity":"","overlay-gradient":""},"tablet":{"background-color":"var(--ast-global-color-5)","background-image":"","background-repeat":"repeat","background-position":"center center","background-size":"auto","background-attachment":"scroll","background-type":"","background-media":"","overlay-type":"","overlay-color":"","overlay-opacity":"","overlay-gradient":""},"mobile":{"background-color":"var(--ast-global-color-5)","background-image":"","background-repeat":"repeat","background-position":"center center","background-size":"auto","background-attachment":"scroll","background-type":"","background-media":"","overlay-type":"","overlay-color":"","overlay-opacity":"","overlay-gradient":""}},"footnotes":""},"class_list":["post-75825","page","type-page","status-publish","hentry"],"aioseo_notices":[],"_links":{"self":[{"href":"https:\/\/migration.gov.gr\/en\/wp-json\/wp\/v2\/pages\/75825","targetHints":{"allow":["GET"]}}],"collection":[{"href":"https:\/\/migration.gov.gr\/en\/wp-json\/wp\/v2\/pages"}],"about":[{"href":"https:\/\/migration.gov.gr\/en\/wp-json\/wp\/v2\/types\/page"}],"author":[{"embeddable":true,"href":"https:\/\/migration.gov.gr\/en\/wp-json\/wp\/v2\/users\/24"}],"replies":[{"embeddable":true,"href":"https:\/\/migration.gov.gr\/en\/wp-json\/wp\/v2\/comments?post=75825"}],"version-history":[{"count":28,"href":"https:\/\/migration.gov.gr\/en\/wp-json\/wp\/v2\/pages\/75825\/revisions"}],"predecessor-version":[{"id":81447,"href":"https:\/\/migration.gov.gr\/en\/wp-json\/wp\/v2\/pages\/75825\/revisions\/81447"}],"wp:attachment":[{"href":"https:\/\/migration.gov.gr\/en\/wp-json\/wp\/v2\/media?parent=75825"}],"curies":[{"name":"wp","href":"https:\/\/api.w.org\/{rel}","templated":true}]}}