{"id":9353,"date":"2020-11-04T15:45:42","date_gmt":"2020-11-04T13:45:42","guid":{"rendered":"https:\/\/migration.gov.gr\/?page_id=9353"},"modified":"2020-11-04T15:54:05","modified_gmt":"2020-11-04T13:54:05","slug":"imerida-to-mellon-toy-asyloy-stin-eyropi","status":"publish","type":"page","link":"https:\/\/migration.gov.gr\/en\/gas\/plirofories\/imerida-to-mellon-toy-asyloy-stin-eyropi\/","title":{"rendered":"Seminar \"The future of Asylum in Europe\""},"content":{"rendered":"<div data-elementor-type=\"wp-page\" data-elementor-id=\"9353\" class=\"elementor elementor-9353\" data-elementor-post-type=\"page\">\n\t\t\t\t\t\t<section class=\"elementor-section elementor-top-section elementor-element elementor-element-52e9156c elementor-section-boxed elementor-section-height-default elementor-section-height-default\" data-id=\"52e9156c\" data-element_type=\"section\" data-e-type=\"section\">\n\t\t\t\t\t\t<div class=\"elementor-container elementor-column-gap-default\">\n\t\t\t\t\t<div class=\"elementor-column elementor-col-100 elementor-top-column elementor-element elementor-element-7cc4d663\" data-id=\"7cc4d663\" data-element_type=\"column\" data-e-type=\"column\">\n\t\t\t<div class=\"elementor-widget-wrap elementor-element-populated\">\n\t\t\t\t\t\t<div class=\"elementor-element elementor-element-33292aa elementor-widget elementor-widget-heading\" data-id=\"33292aa\" data-element_type=\"widget\" data-e-type=\"widget\" data-widget_type=\"heading.default\">\n\t\t\t\t<div class=\"elementor-widget-container\">\n\t\t\t\t\t<h2 class=\"elementor-heading-title elementor-size-default\">Seminar - The future of Asylum in Europe<\/h2>\t\t\t\t<\/div>\n\t\t\t\t<\/div>\n\t\t\t\t<div class=\"elementor-element elementor-element-30fe8ea elementor-widget elementor-widget-text-editor\" data-id=\"30fe8ea\" data-element_type=\"widget\" data-e-type=\"widget\" data-widget_type=\"text-editor.default\">\n\t\t\t\t<div class=\"elementor-widget-container\">\n\t\t\t\t\t\t\t\t\t<p><\/p>\n<p>\u03a3\u03c4\u03b9\u03c2 9 \u039c\u03b1\u0390\u03bf\u03c5 2016, \u0397\u03bc\u03ad\u03c1\u03b1 \u03c4\u03b7\u03c2 \u0395\u03c5\u03c1\u03ce\u03c0\u03b7\u03c2, \u03bf\u03bb\u03bf\u03ba\u03bb\u03b7\u03c1\u03ce\u03b8\u03b7\u03ba\u03b5 \u03b7 \u03b7\u03bc\u03b5\u03c1\u03af\u03b4\u03b1 \u03c4\u03b7\u03c2 \u03a5\u03c0\u03b7\u03c1\u03b5\u03c3\u03af\u03b1\u03c2 \u0391\u03c3\u03cd\u03bb\u03bf\u03c5 \u03b3\u03b9\u03b1 \u03c4\u03bf \u039c\u03ad\u03bb\u03bb\u03bf\u03bd \u03c4\u03bf\u03c5 \u0391\u03c3\u03cd\u03bb\u03bf\u03c5 \u03c3\u03c4\u03b7\u03bd \u0395\u03c5\u03c1\u03ce\u03c0\u03b7, \u03c0\u03bf\u03c5 \u03ad\u03bb\u03b1\u03b2\u03b5 \u03c7\u03ce\u03c1\u03b1 \u03c3\u03c4\u03b7\u03bd \u03a4\u03b5\u03c7\u03bd\u03cc\u03c0\u03bf\u03bb\u03b7 \u03c4\u03bf\u03c5 \u0394\u03ae\u03bc\u03bf\u03c5 \u0391\u03b8\u03b7\u03bd\u03b1\u03af\u03c9\u03bd. \u03a4\u03b1 \u03b8\u03ad\u03bc\u03b1\u03c4\u03b1 \u03c0\u03bf\u03c5 \u03c3\u03c5\u03b6\u03b7\u03c4\u03ae\u03b8\u03b7\u03ba\u03b1\u03bd \u03ae\u03c4\u03b1\u03bd \u03b1\u03c6\u03b5\u03bd\u03cc\u03c2 \u03b7 \u03b5\u03c6\u03b1\u03c1\u03bc\u03bf\u03b3\u03ae \u03c4\u03b7\u03c2 \u03ad\u03bd\u03bd\u03bf\u03b9\u03b1\u03c2 \u03c4\u03b7\u03c2 \u2018\u03b1\u03c3\u03c6\u03b1\u03bb\u03bf\u03cd\u03c2 \u03c4\u03c1\u03af\u03c4\u03b7\u03c2 \u03c7\u03ce\u03c1\u03b1\u03c2\u2019, \u03bc\u03b5 \u03b1\u03bd\u03b1\u03c6\u03bf\u03c1\u03ac \u03c3\u03c4\u03b7\u00a0 \u03c3\u03c5\u03bc\u03c6\u03c9\u03bd\u03af\u03b1 \u0395\u03c5\u03c1\u03c9\u03c0\u03b1\u03ca\u03ba\u03ae\u03c2 \u0388\u03bd\u03c9\u03c3\u03b7\u03c2 \u2013 \u03a4\u03bf\u03c5\u03c1\u03ba\u03af\u03b1\u03c2, \u03b1\u03c6\u03b5\u03c4\u03ad\u03c1\u03bf\u03c5 \u03b7 \u03b4\u03b7\u03bc\u03b9\u03bf\u03c5\u03c1\u03b3\u03af\u03b1 \u03b5\u03bd\u03cc\u03c2 \u03b5\u03bd\u03b9\u03b1\u03af\u03bf\u03c5 \u03b5\u03c5\u03c1\u03c9\u03c0\u03b1\u03ca\u03ba\u03bf\u03cd \u03c3\u03c5\u03c3\u03c4\u03ae\u03bc\u03b1\u03c4\u03bf\u03c2 \u03b1\u03c3\u03cd\u03bb\u03bf\u03c5. \u03a3\u03c4\u03b7\u03bd \u03b7\u03bc\u03b5\u03c1\u03af\u03b4\u03b1 \u03c3\u03c5\u03bc\u03bc\u03b5\u03c4\u03b5\u03af\u03c7\u03b1\u03bd \u03bf \u0394\u03b9\u03b5\u03c5\u03b8\u03c5\u03bd\u03c4\u03ae\u03c2 \u03c4\u03bf\u03c5 \u039f\u03c1\u03b3\u03b1\u03bd\u03b9\u03c3\u03bc\u03bf\u03cd \u0398\u03b5\u03bc\u03b5\u03bb\u03b9\u03c9\u03b4\u03ce\u03bd \u0394\u03b9\u03ba\u03b1\u03b9\u03c9\u03bc\u03ac\u03c4\u03c9\u03bd \u03c4\u03b7\u03c2 \u0395\u03c5\u03c1\u03c9\u03c0\u03b1\u03ca\u03ba\u03ae\u03c2\u00a0 \u0388\u03bd\u03c9\u03c3\u03b7\u03c2 (Fundamental Rights Agency) \u03ba. Michael O\u2019 Flaherty, \u03bf \u0395\u03ba\u03c4\u03b5\u03bb\u03b5\u03c3\u03c4\u03b9\u03ba\u03cc\u03c2\u00a0 \u0394\u03b9\u03b5\u03c5\u03b8\u03c5\u03bd\u03c4\u03ae\u03c2 \u03c4\u03b7\u03c2 \u0395\u03c5\u03c1\u03c9\u03c0\u03b1\u03ca\u03ba\u03ae\u03c2 \u03a5\u03c0\u03b7\u03c1\u03b5\u03c3\u03af\u03b1\u03c2 \u03a5\u03c0\u03bf\u03c3\u03c4\u03ae\u03c1\u03b9\u03be\u03b7\u03c2 \u03c4\u03bf\u03c5 \u0391\u03c3\u03cd\u03bb\u03bf\u03c5 (EASO) \u03ba.\u00a0 Jose Carreira, \u03bf \u03c3\u03b7\u03bc\u03b1\u03bd\u03c4\u03b9\u03ba\u03cc\u03c4\u03b5\u03c1\u03bf\u03c2 \u03ba\u03b1\u03b8\u03b7\u03b3\u03b7\u03c4\u03ae\u03c2 \u03c3\u03c4\u03bf\u03bd \u03c4\u03bf\u03bc\u03ad\u03b1 \u03c4\u03bf\u03c5 \u03b4\u03b9\u03ba\u03b1\u03af\u03bf\u03c5 \u03c0\u03c1\u03bf\u03c3\u03c6\u03cd\u03b3\u03c9\u03bd \u03ba. Guy Goodwin-Gill, \u03bf \u03ba. \u0394\u03b7\u03bc\u03ae\u03c4\u03c1\u03b7\u03c2 \u03a0\u03b1\u03c0\u03b1\u03b4\u03b7\u03bc\u03b7\u03c4\u03c1\u03af\u03bf\u03c5, \u03b5\u03c0\u03af\u03c4\u03b9\u03bc\u03bf\u03c2 \u03c0\u03c1\u03cc\u03b5\u03b4\u03c1\u03bf\u03c2 \u03c4\u03bf\u03c5\u00a0 \u03b1\u03bc\u03b5\u03c1\u03b9\u03ba\u03b1\u03bd\u03b9\u03ba\u03bf\u03cd \u0399\u03bd\u03c3\u03c4\u03b9\u03c4\u03bf\u03cd\u03c4\u03bf\u03c5 \u039c\u03b5\u03c4\u03b1\u03bd\u03b1\u03c3\u03c4\u03b5\u03c5\u03c4\u03b9\u03ba\u03ae\u03c2 \u03a0\u03bf\u03bb\u03b9\u03c4\u03b9\u03ba\u03ae\u03c2, \u03b7 \u03b1\u03bd\u03b1\u03c0\u03bb\u03b7\u03c1\u03ce\u03c4\u03c1\u03b9\u03b1 \u03b1\u03bd\u03c4\u03b9\u03c0\u03c1\u03cc\u03c3\u03c9\u03c0\u03bf\u03c2 \u03c4\u03bf\u03c5 \u03b3\u03c1\u03b1\u03c6\u03b5\u03af\u03bf\u03c5 \u03c4\u03b7\u03c2 \u038e\u03c0\u03b1\u03c4\u03b7\u03c2 \u0391\u03c1\u03bc\u03bf\u03c3\u03c4\u03b5\u03af\u03b1\u03c2 \u03c3\u03c4\u03b7\u03bd \u0395\u03bb\u03bb\u03ac\u03b4\u03b1 \u03ba. Ann Mayman, o \u03b1\u03bd\u03b1\u03c0\u03bb\u03b7\u03c1\u03c9\u03c4\u03ae\u03c2 \u03b4\u03b9\u03b5\u03c5\u03b8\u03c5\u03bd\u03c4\u03ae\u03c2 \u03b3\u03b9\u03b1 \u03c4\u03b7 \u03bc\u03b5\u03c4\u03b1\u03bd\u03b1\u03c3\u03c4\u03b5\u03c5\u03c4\u03b9\u03ba\u03ae \u03c0\u03bf\u03bb\u03b9\u03c4\u03b9\u03ba\u03ae \u03c4\u03bf\u03c5 \u03a5\u03c0\u03bf\u03c5\u03c1\u03b3\u03b5\u03af\u03bf\u03c5 \u0395\u03c3\u03c9\u03c4\u03b5\u03c1\u03b9\u03ba\u03ce\u03bd \u03c4\u03b7\u03c2 \u039f\u03bb\u03bb\u03b1\u03bd\u03b4\u03af\u03b1\u03c2 \u03ba. Peter Diez, \u03bf \u03bd\u03bf\u03bc\u03b9\u03ba\u03cc\u03c2 \u03c3\u03cd\u03bc\u03b2\u03bf\u03c5\u03bb\u03bf\u03c2 \u03c4\u03b7\u03c2 \u03bf\u03bc\u03bf\u03c3\u03c0\u03bf\u03bd\u03b4\u03af\u03b1\u03c2 \u039c\u039a\u039f \u03b3\u03b9\u03b1 \u03c4\u03b1 \u03b4\u03b9\u03ba\u03b1\u03b9\u03ce\u03bc\u03b1\u03c4\u03b1 \u03c4\u03c9\u03bd \u03c0\u03c1\u03bf\u03c3\u03c6\u03cd\u03b3\u03c9\u03bd \u03c4\u03bf\u03c5 European Council of Refugees and Exiles, \u03ba. Kris Pollet, \u03ba\u03b1\u03b9 \u03b7 \u0394\u03b9\u03b5\u03c5\u03b8\u03cd\u03bd\u03c4\u03c1\u03b9\u03b1 \u03c4\u03b7\u03c2 \u03a5\u03c0\u03b7\u03c1\u03b5\u03c3\u03af\u03b1\u03c2 \u0391\u03c3\u03cd\u03bb\u03bf\u03c5 \u03ba. \u039c\u03b1\u03c1\u03af\u03b1 \u03a3\u03c4\u03b1\u03c5\u03c1\u03bf\u03c0\u03bf\u03cd\u03bb\u03bf\u03c5.<br \/>\u0393\u03b9\u03b1 \u03c4\u03bf \u03b6\u03ae\u03c4\u03b7\u03bc\u03b1 \u03c4\u03b7\u03c2 \u03ad\u03bd\u03bd\u03bf\u03b9\u03b1\u03c2 \u03c4\u03b7\u03c2 \u2018\u03b1\u03c3\u03c6\u03b1\u03bb\u03bf\u03cd\u03c2 \u03c4\u03c1\u03af\u03c4\u03b7\u03c2 \u03c7\u03ce\u03c1\u03b1\u03c2\u2019 \u03bf\u03b9 \u03bf\u03bc\u03b9\u03bb\u03b7\u03c4\u03ad\u03c2 \u03b1\u03bd\u03b1\u03c6\u03ad\u03c1\u03b8\u03b7\u03ba\u03b1\u03bd \u03c3\u03c4\u03b1 \u03ba\u03c1\u03b9\u03c4\u03ae\u03c1\u03b9\u03b1 \u03c4\u03b1 \u03bf\u03c0\u03bf\u03af\u03b1 \u03c0\u03c1\u03ad\u03c0\u03b5\u03b9 \u03bd\u03b1 \u03c0\u03bb\u03b7\u03c1\u03bf\u03cd\u03bd\u03c4\u03b1\u03b9 \u03ce\u03c3\u03c4\u03b5 \u03bd\u03b1 \u03b8\u03b5\u03c9\u03c1\u03b7\u03b8\u03b5\u03af \u03cc\u03c4\u03b9 \u03ad\u03bd\u03b1\u03c2 \u03b1\u03b9\u03c4\u03ce\u03bd \u03ac\u03c3\u03c5\u03bb\u03bf \u03bc\u03c0\u03bf\u03c1\u03b5\u03af \u03bd\u03b1 \u03b5\u03c0\u03b9\u03c3\u03c4\u03c1\u03ad\u03c8\u03b5\u03b9 \u03c3\u03b5 \u03ba\u03ac\u03c0\u03bf\u03b9\u03b1 \u03c7\u03ce\u03c1\u03b1 \u03c3\u03c4\u03b7\u03bd \u03bf\u03c0\u03bf\u03af\u03b1 \u03b2\u03c1\u03b9\u03c3\u03ba\u03cc\u03c4\u03b1\u03bd \u03b1\u03bc\u03ad\u03c3\u03c9\u03c2 \u03c0\u03c1\u03b9\u03bd \u03bc\u03b5 \u03b1\u03c3\u03c6\u03ac\u03bb\u03b5\u03b9\u03b1, \u03c7\u03c9\u03c1\u03af\u03c2 \u03bd\u03b1 \u03ad\u03c7\u03b5\u03b9 \u03ba\u03c1\u03b9\u03b8\u03b5\u03af \u03b5\u03c0\u03af \u03c4\u03b7\u03c2 \u03bf\u03c5\u03c3\u03af\u03b1\u03c2 \u03c4\u03bf \u03ba\u03b1\u03c4\u03ac \u03c0\u03cc\u03c3\u03bf \u03b4\u03b9\u03ba\u03b1\u03b9\u03bf\u03cd\u03c4\u03b1\u03b9 \u03b4\u03b9\u03b5\u03b8\u03bd\u03ae \u03c0\u03c1\u03bf\u03c3\u03c4\u03b1\u03c3\u03af\u03b1 \u03ae \u03cc\u03c7\u03b9 \u03ba\u03b1\u03b9 \u03b7 \u03b1\u03bd\u03ac\u03c0\u03c4\u03c5\u03be\u03b7 \u03c4\u03c9\u03bd \u03bc\u03b5\u03b9\u03ba\u03c4\u03ce\u03bd\u00a0 \u03ba\u03bb\u03b9\u03bc\u03b1\u03ba\u03af\u03c9\u03bd \u03c4\u03c9\u03bd \u03b5\u03bb\u03bb\u03b7\u03bd\u03b9\u03ba\u03ce\u03bd \u03b1\u03c1\u03c7\u03ce\u03bd \u03ba\u03b1\u03b9 \u03c4\u03bf\u03c5 EASO \u03c3\u03c4\u03b1 \u03bd\u03b7\u03c3\u03b9\u03ac \u03b3\u03b9\u03b1 \u03c4\u03b7\u03bd \u03b5\u03c6\u03b1\u03c1\u03bc\u03bf\u03b3\u03ae\u00a0 \u03c4\u03b7\u03c2 \u03c3\u03c5\u03bc\u03c6\u03c9\u03bd\u03af\u03b1\u03c2 \u0395\u0395-\u03a4\u03bf\u03c5\u03c1\u03ba\u03af\u03b1\u03c2. \u0393\u03b9\u03b1 \u03c4\u03bf \u03b6\u03ae\u03c4\u03b7\u03bc\u03b1 \u03c4\u03b7\u03c2 \u03b4\u03b7\u03bc\u03b9\u03bf\u03c5\u03c1\u03b3\u03af\u03b1\u03c2 \u03bc\u03b9\u03b1\u03c2 \u03b5\u03c5\u03c1\u03c9\u03c0\u03b1\u03ca\u03ba\u03ae\u03c2\u00a0 \u03a5\u03c0\u03b7\u03c1\u03b5\u03c3\u03af\u03b1\u03c2 \u0391\u03c3\u03cd\u03bb\u03bf\u03c5, \u03bf\u03b9 \u03c3\u03c5\u03bc\u03bc\u03b5\u03c4\u03ad\u03c7\u03bf\u03bd\u03c4\u03b5\u03c2 \u03b1\u03bd\u03b1\u03c6\u03ad\u03c1\u03b8\u03b7\u03ba\u03b1\u03bd \u03c3\u03c4\u03b7\u03bd \u03b1\u03bd\u03ac\u03b3\u03ba\u03b7 \u03b4\u03b7\u03bc\u03b9\u03bf\u03c5\u03c1\u03b3\u03af\u03b1\u03c2\u00a0 \u03bc\u03b9\u03b1\u03c2 \u03c4\u03ad\u03c4\u03bf\u03b9\u03b1\u03c2 \u03c5\u03c0\u03b7\u03c1\u03b5\u03c3\u03af\u03b1\u03c2, \u03ad\u03c3\u03c4\u03c9 \u03c3\u03c4\u03b1\u03b4\u03b9\u03b1\u03ba\u03ac, \u03b7 \u03bf\u03c0\u03bf\u03af\u03b1 \u03b8\u03b1 \u03b1\u03bd\u03b1\u03bb\u03ac\u03b2\u03b5\u03b9 \u03c4\u03bf\u03bd \u03ba\u03b1\u03b8\u03bf\u03c1\u03b9\u03c3\u03bc\u03cc \u03b5\u03bd\u03cc\u03c2 \u03b5\u03bd\u03b9\u03b1\u03af\u03bf\u03c5 \u03ba\u03b1\u03b8\u03b5\u03c3\u03c4\u03ce\u03c4\u03bf\u03c2 \u03b1\u03c3\u03cd\u03bb\u03bf\u03c5 \u03c3\u03c4\u03b7\u03bd \u0395\u0395. \u03a3\u03c4\u03bf \u03c0\u03bb\u03b1\u03af\u03c3\u03b9\u03bf \u03b1\u03c5\u03c4\u03cc \u03c3\u03c5\u03b6\u03ae\u03c4\u03b7\u03c3\u03b1\u03bd \u03ba\u03b1\u03b9 \u03c4\u03b9\u03c2 \u03c0\u03c1\u03cc\u03c3\u03c6\u03b1\u03c4\u03b5\u03c2 \u03b1\u03bd\u03b1\u03ba\u03bf\u03b9\u03bd\u03ce\u03c3\u03b5\u03b9\u03c2 \u03c4\u03b7\u03c2 \u0395\u03c5\u03c1\u03c9\u03c0\u03b1\u03ca\u03ba\u03ae\u03c2 \u0395\u03c0\u03b9\u03c4\u03c1\u03bf\u03c0\u03ae\u03c2 \u03b3\u03b9\u03b1\u00a0 \u03c4\u03b7\u03bd\u00a0 \u03b1\u03bd\u03b1\u03b8\u03b5\u03ce\u03c1\u03b7\u03c3\u03b7\u00a0 \u03c4\u03bf\u03c5\u00a0 \u039a\u03b1\u03bd\u03bf\u03bd\u03b9\u03c3\u03bc\u03bf\u03cd \u2018\u0394\u03bf\u03c5\u03b2\u03bb\u03af\u03bd\u03bf\u03c5\u2019 \u03ba\u03b1\u03b9 \u03c4\u03b7\u03bd \u03b1\u03bd\u03ac\u03c0\u03c4\u03c5\u03be\u03b7 \u03c4\u03bf\u03c5 EASO.<br \/>\u03a4\u03b7\u03bd \u03b7\u03bc\u03b5\u03c1\u03af\u03b4\u03b1 \u03c0\u03c1\u03bf\u03bb\u03cc\u03b3\u03b9\u03c3\u03b1\u03bd \u03bf \u0391\u03bd\u03b1\u03c0\u03bb\u03b7\u03c1\u03c9\u03c4\u03ae\u03c2 \u03a5\u03c0\u03bf\u03c5\u03c1\u03b3\u03cc\u03c2 \u0395\u03c3\u03c9\u03c4\u03b5\u03c1\u03b9\u03ba\u03ce\u03bd \u03b3\u03b9\u03b1 \u03c4\u03b7 \u039c\u03b5\u03c4\u03b1\u03bd\u03b1\u03c3\u03c4\u03b5\u03c5\u03c4\u03b9\u03ba\u03ae \u03a0\u03bf\u03bb\u03b9\u03c4\u03b9\u03ba\u03ae \u03ba. \u0393\u03b9\u03ac\u03bd\u03bd\u03b7\u03c2 \u039c\u03bf\u03c5\u03b6\u03ac\u03bb\u03b1\u03c2, \u03bf \u0394\u03ae\u03bc\u03b1\u03c1\u03c7\u03bf\u03c2 \u0391\u03b8\u03b7\u03bd\u03b1\u03af\u03c9\u03bd \u03ba.\u00a0 \u0393\u03b9\u03ce\u03c1\u03b3\u03bf\u03c2 \u039a\u03b1\u03bc\u03af\u03bd\u03b7\u03c2, \u03ba\u03b1\u03b9 \u03bf \u0393\u03b5\u03bd\u03b9\u03ba\u03cc\u03c2 \u0394\u03b9\u03b5\u03c5\u03b8\u03c5\u03bd\u03c4\u03ae\u03c2 \u03c4\u03b7\u03c2 \u03a5\u03c0\u03b7\u03c1\u03b5\u03c3\u03af\u03b1\u03c2 \u03a5\u03c0\u03bf\u03c3\u03c4\u03ae\u03c1\u03b9\u03be\u03b7\u03c2 \u0394\u03b9\u03b1\u03c1\u03b8\u03c1\u03c9\u03c4\u03b9\u03ba\u03ce\u03bd \u039c\u03b5\u03c4\u03b1\u03c1\u03c1\u03c5\u03b8\u03bc\u03af\u03c3\u03b5\u03c9\u03bd \u03c4\u03b7\u03c2 \u0395\u03c5\u03c1\u03c9\u03c0\u03b1\u03ca\u03ba\u03ae\u03c2 \u0395\u03c0\u03b9\u03c4\u03c1\u03bf\u03c0\u03ae\u03c2 \u03ba. Maarten Verwey.<br \/>The conference was funded by the Technical Assistance of the Asylum, Immigration and Integration Fund 2014-2020 for the promotion of the Program.<\/p>\n<p><\/p>\n<p><\/p>\n<ul class=\"wp-block-list\">\n<li><a href=\"http:\/\/asylo.gov.gr\/wp-content\/uploads\/2016\/08\/\u00c7\u00f6\u00ea\u00e6\u00c7-GR.jpg\">Invitation<\/a><\/li>\n<li><a href=\"http:\/\/asylo.gov.gr\/wp-content\/uploads\/2016\/08\/\u03c0\u03c1\u03bf\u03b3\u03c1\u03b1\u03bc\u03bc\u03b1.pdf\">\u03a0\u03c1\u03cc\u03b3\u03c1\u03b1\u03bc\u03bc\u03b1 \u03b7\u03bc\u03b5\u03c1\u03af\u03b4\u03b1\u03c2<\/a><\/li>\n<li><a href=\"http:\/\/asylo.gov.gr\/wp-content\/uploads\/2016\/08\/\u03b7-\u03b4\u03b9\u03b1\u03b4\u03c1\u03bf\u03bc\u03b7.pdf\">\u039f\u03bc\u03b1\u03b4\u03b9\u03ba\u03ae \u03ad\u03ba\u03b8\u03b5\u03c3\u03b7 \u03c6\u03c9\u03c4\u03bf\u03b3\u03c1\u03b1\u03c6\u03af\u03b1\u03c2 \u00ab\u0397 \u0394\u03b9\u03b1\u03b4\u03c1\u03bf\u03bc\u03ae\u00bb<\/a><\/li>\n<li><a href=\"http:\/\/asylo.gov.gr\/?page_id=3387\">\u03a6\u03c9\u03c4\u03bf\u03b3\u03c1\u03b1\u03c6\u03af\u03b5\u03c2 \u03b7\u03bc\u03b5\u03c1\u03af\u03b4\u03b1\u03c2<\/a><\/li>\n<\/ul>\n<p><\/p>\t\t\t\t\t\t\t\t<\/div>\n\t\t\t\t<\/div>\n\t\t\t\t\t<\/div>\n\t\t<\/div>\n\t\t\t\t\t<\/div>\n\t\t<\/section>\n\t\t\t\t<\/div>","protected":false},"excerpt":{"rendered":"<p>\u0397\u03bc\u03b5\u03c1\u03af\u03b4\u03b1 &#8211; \u03a4\u03bf \u039c\u03ad\u03bb\u03bb\u03bf\u03bd \u03c4\u03bf\u03c5 \u0391\u03c3\u03cd\u03bb\u03bf\u03c5 \u03c3\u03c4\u03b7\u03bd \u0395\u03c5\u03c1\u03ce\u03c0\u03b7 \u03a3\u03c4\u03b9\u03c2 9 \u039c\u03b1\u0390\u03bf\u03c5 2016, \u0397\u03bc\u03ad\u03c1\u03b1 \u03c4\u03b7\u03c2 \u0395\u03c5\u03c1\u03ce\u03c0\u03b7\u03c2, \u03bf\u03bb\u03bf\u03ba\u03bb\u03b7\u03c1\u03ce\u03b8\u03b7\u03ba\u03b5 \u03b7 \u03b7\u03bc\u03b5\u03c1\u03af\u03b4\u03b1 \u03c4\u03b7\u03c2 \u03a5\u03c0\u03b7\u03c1\u03b5\u03c3\u03af\u03b1\u03c2 \u0391\u03c3\u03cd\u03bb\u03bf\u03c5 \u03b3\u03b9\u03b1 \u03c4\u03bf \u039c\u03ad\u03bb\u03bb\u03bf\u03bd \u03c4\u03bf\u03c5 \u0391\u03c3\u03cd\u03bb\u03bf\u03c5 \u03c3\u03c4\u03b7\u03bd \u0395\u03c5\u03c1\u03ce\u03c0\u03b7, \u03c0\u03bf\u03c5 \u03ad\u03bb\u03b1\u03b2\u03b5 \u03c7\u03ce\u03c1\u03b1 \u03c3\u03c4\u03b7\u03bd \u03a4\u03b5\u03c7\u03bd\u03cc\u03c0\u03bf\u03bb\u03b7 \u03c4\u03bf\u03c5 \u0394\u03ae\u03bc\u03bf\u03c5 \u0391\u03b8\u03b7\u03bd\u03b1\u03af\u03c9\u03bd. \u03a4\u03b1 \u03b8\u03ad\u03bc\u03b1\u03c4\u03b1 \u03c0\u03bf\u03c5 \u03c3\u03c5\u03b6\u03b7\u03c4\u03ae\u03b8\u03b7\u03ba\u03b1\u03bd \u03ae\u03c4\u03b1\u03bd \u03b1\u03c6\u03b5\u03bd\u03cc\u03c2 \u03b7 \u03b5\u03c6\u03b1\u03c1\u03bc\u03bf\u03b3\u03ae \u03c4\u03b7\u03c2 \u03ad\u03bd\u03bd\u03bf\u03b9\u03b1\u03c2 \u03c4\u03b7\u03c2 \u2018\u03b1\u03c3\u03c6\u03b1\u03bb\u03bf\u03cd\u03c2 \u03c4\u03c1\u03af\u03c4\u03b7\u03c2 \u03c7\u03ce\u03c1\u03b1\u03c2\u2019, \u03bc\u03b5 \u03b1\u03bd\u03b1\u03c6\u03bf\u03c1\u03ac \u03c3\u03c4\u03b7\u00a0 \u03c3\u03c5\u03bc\u03c6\u03c9\u03bd\u03af\u03b1 \u0395\u03c5\u03c1\u03c9\u03c0\u03b1\u03ca\u03ba\u03ae\u03c2 [&hellip;]<\/p>\n","protected":false},"author":7,"featured_media":0,"parent":360,"menu_order":0,"comment_status":"closed","ping_status":"closed","template":"","meta":{"_monsterinsights_skip_tracking":false,"_monsterinsights_sitenote_active":false,"_monsterinsights_sitenote_note":"","_monsterinsights_sitenote_category":0,"site-sidebar-layout":"default","site-content-layout":"default","ast-site-content-layout":"default","site-content-style":"default","site-sidebar-style":"default","ast-global-header-display":"","ast-banner-title-visibility":"","ast-main-header-display":"","ast-hfb-above-header-display":"","ast-hfb-below-header-display":"","ast-hfb-mobile-header-display":"","site-post-title":"","ast-breadcrumbs-content":"","ast-featured-img":"","footer-sml-layout":"","ast-disable-related-posts":"","theme-transparent-header-meta":"default","adv-header-id-meta":"","stick-header-meta":"default","header-above-stick-meta":"","header-main-stick-meta":"","header-below-stick-meta":"","astra-migrate-meta-layouts":"default","ast-page-background-enabled":"default","ast-page-background-meta":{"desktop":{"background-color":"","background-image":"","background-repeat":"repeat","background-position":"center center","background-size":"auto","background-attachment":"scroll","background-type":"","background-media":"","overlay-type":"","overlay-color":"","overlay-opacity":"","overlay-gradient":""},"tablet":{"background-color":"","background-image":"","background-repeat":"repeat","background-position":"center center","background-size":"auto","background-attachment":"scroll","background-type":"","background-media":"","overlay-type":"","overlay-color":"","overlay-opacity":"","overlay-gradient":""},"mobile":{"background-color":"","background-image":"","background-repeat":"repeat","background-position":"center center","background-size":"auto","background-attachment":"scroll","background-type":"","background-media":"","overlay-type":"","overlay-color":"","overlay-opacity":"","overlay-gradient":""}},"ast-content-background-meta":{"desktop":{"background-color":"var(--ast-global-color-5)","background-image":"","background-repeat":"repeat","background-position":"center center","background-size":"auto","background-attachment":"scroll","background-type":"","background-media":"","overlay-type":"","overlay-color":"","overlay-opacity":"","overlay-gradient":""},"tablet":{"background-color":"var(--ast-global-color-5)","background-image":"","background-repeat":"repeat","background-position":"center center","background-size":"auto","background-attachment":"scroll","background-type":"","background-media":"","overlay-type":"","overlay-color":"","overlay-opacity":"","overlay-gradient":""},"mobile":{"background-color":"var(--ast-global-color-5)","background-image":"","background-repeat":"repeat","background-position":"center center","background-size":"auto","background-attachment":"scroll","background-type":"","background-media":"","overlay-type":"","overlay-color":"","overlay-opacity":"","overlay-gradient":""}},"footnotes":""},"class_list":["post-9353","page","type-page","status-publish","hentry"],"aioseo_notices":[],"_links":{"self":[{"href":"https:\/\/migration.gov.gr\/en\/wp-json\/wp\/v2\/pages\/9353","targetHints":{"allow":["GET"]}}],"collection":[{"href":"https:\/\/migration.gov.gr\/en\/wp-json\/wp\/v2\/pages"}],"about":[{"href":"https:\/\/migration.gov.gr\/en\/wp-json\/wp\/v2\/types\/page"}],"author":[{"embeddable":true,"href":"https:\/\/migration.gov.gr\/en\/wp-json\/wp\/v2\/users\/7"}],"replies":[{"embeddable":true,"href":"https:\/\/migration.gov.gr\/en\/wp-json\/wp\/v2\/comments?post=9353"}],"version-history":[{"count":3,"href":"https:\/\/migration.gov.gr\/en\/wp-json\/wp\/v2\/pages\/9353\/revisions"}],"predecessor-version":[{"id":12133,"href":"https:\/\/migration.gov.gr\/en\/wp-json\/wp\/v2\/pages\/9353\/revisions\/12133"}],"up":[{"embeddable":true,"href":"https:\/\/migration.gov.gr\/en\/wp-json\/wp\/v2\/pages\/360"}],"wp:attachment":[{"href":"https:\/\/migration.gov.gr\/en\/wp-json\/wp\/v2\/media?parent=9353"}],"curies":[{"name":"wp","href":"https:\/\/api.w.org\/{rel}","templated":true}]}}